{"id":6110,"date":"2021-09-28T16:47:39","date_gmt":"2021-09-28T14:47:39","guid":{"rendered":"https:\/\/www.huntinvest.be\/protection-vie-privee-rgpd\/"},"modified":"2024-11-29T10:33:00","modified_gmt":"2024-11-29T09:33:00","slug":"private-life-rgpd","status":"publish","type":"page","link":"https:\/\/www.huntinvest.be\/en\/private-life-rgpd\/","title":{"rendered":"Private life &#038; RGPD"},"content":{"rendered":"<div class=\"wpb-content-wrapper\"><p>[vc_row content_placement=&#8221;middle&#8221;][vc_column css=&#8221;.vc_custom_1633351981210{padding-top: 55px !important;padding-bottom: 55px !important;}&#8221;][vc_row_inner equal_height=&#8221;yes&#8221; content_placement=&#8221;middle&#8221;][vc_column_inner css=&#8221;.vc_custom_1633351958593{margin-right: 25px !important;margin-left: 25px !important;}&#8221;][vc_empty_space][vc_column_text]<em>Cette rubrique d\u00e9crit la politique de notre structure lorsqu&#8217;elle traite des donn\u00e9es \u00e0 caract\u00e8re personnel. Cette politique s&#8217;applique aussi bien aux traitements de donn\u00e9es informatis\u00e9s que manuels.<\/em><\/p>\n<p>Traitement des donn\u00e9es \u00e0 caract\u00e8re personnel des visiteurs et des utilisateurs<\/p>\n<p>Notre structure est repr\u00e9sent\u00e9e par F.Burton et son si\u00e8ge se situe Cours du Bia Bouquet 20 \u2013 1348 Louvain-la-Neuve \u2013 BCE 0550.400.665<\/p>\n<p>Les donn\u00e9es \u00e0 caract\u00e8re personnel que l&#8217;utilisateur communique lors d\u2019une demande via notre site, lors d\u2019un entretien t\u00e9l\u00e9phonique et\/ou lors de tout \u00e9v\u00e8nement organis\u00e9 par nos soins sont trait\u00e9es par notre structure en vue de pouvoir r\u00e9pondre \u00e0 l&#8217;utilisateur.<\/p>\n<p>Les donn\u00e9es \u00e0 caract\u00e8re personnel ne sont transmises qu&#8217;au personnel charg\u00e9 de traiter les demandes. Ces donn\u00e9es peuvent \u00eatre communiqu\u00e9es \u00e0 des personnes ext\u00e9rieures \u00e0 notre structure lorsque cela s&#8217;av\u00e8re n\u00e9cessaire pour le traitement de la demande de l&#8217;utilisateur.<\/p>\n<p>Si l&#8217;utilisateur refuse de communiquer certaines donn\u00e9es indispensables, il se peut que notre structure ne soit pas en mesure de traiter la demande.<\/p>\n<p>En ayant accept\u00e9 les pr\u00e9sentes conditions, nous vous adresserons la liste des annonces correspondant aux crit\u00e8res que vous recherchez, vous b\u00e9n\u00e9ficieriez \u00e9galement des services gratuits d\u2019informations concernant nos actions ponctuelles et les services de notre agence. Ces informations peuvent \u00eatre personnalis\u00e9es.<\/p>\n<p>Aucune donn\u00e9e n\u2019est collect\u00e9e automatiquement par le site en lui-m\u00eame. Les seules donn\u00e9es que nous traitons sont celles que <strong>vous nous communiquez volontairement<\/strong>.\u00a0 Les autres informations \u00e9ventuellement collect\u00e9es automatiquement ne le sont que par des outils statistiques comme par exemple Google Analytics et ne concernent que votre adresse TCP\/IP, la marque et la derni\u00e8re version de votre navigateur, les pages web consult\u00e9es mais restent compl\u00e8tement anonymes.<\/p>\n<p>Nous pouvons enregistrer via cookie un code d&#8217;acc\u00e8s et un mot de passe. D\u2019autres informations comme vos crit\u00e8res de recherche ou la langue choisie pour visiter le site peuvent \u00e9galement appara\u00eetre dans le cookie. (Un cookie est un petit fichier envoy\u00e9 par notre serveur qui s&#8217;enregistre sur le disque dur de votre ordinateur. Il garde la trace du site visit\u00e9 et contient un certain nombre d&#8217;informations relatives \u00e0 cette visite. Nos cookies servent avant tout \u00e0 faire fonctionner le site &#8211; cookies techniques de sessions).<\/p>\n<p>Les informations ne servent qu\u2019\u00e0 un usage interne et ne seront en cons\u00e9quence jamais vendues \u00e0 d&#8217;autres personnes physiques ou morales li\u00e9es ou pas \u00e0 notre soci\u00e9t\u00e9. Mais ces donn\u00e9es seront communiqu\u00e9es, \u00e0 la demande des autorit\u00e9s judiciaires ou des services de police, sans l&#8217;autorisation pr\u00e9alable de leur titulaire.<\/p>\n<p>Nous avons mis en place des mesures de s\u00e9curit\u00e9 appropri\u00e9es pour prot\u00e9ger la perte, l&#8217;usage abusif ou l&#8217;alt\u00e9ration des informations re\u00e7ues sur notre site.<\/p>\n<p>Tous nos employ\u00e9s ayant acc\u00e8s \u00e0 vos donn\u00e9es ont un devoir de confidentialit\u00e9 stricte.<\/p>\n<p>Les Donn\u00e9es seront conserv\u00e9es le temps qu&#8217;il sera n\u00e9cessaire pour fournir le service sollicit\u00e9 et accept\u00e9 par le titulaire des donn\u00e9es et pendant les d\u00e9lais l\u00e9gaux requis par toute r\u00e8glementation \u00e0 laquelle l\u2019agent immobilier est soumis.<\/p>\n<p>Vous disposez \u00e0 tout moment du droit d&#8217;acc\u00e8s et de rectification \u00e0 ces donn\u00e9es ainsi que du droit d&#8217;opposition, afin de v\u00e9rifier leur exactitude et de faire corriger les \u00e9ventuelles erreurs les concernant.<\/p>\n<p>Pour pouvoir exercer ce droit, il vous suffit de nous contacter :<\/p>\n<p>Par courrier \u00e0 l&#8217;adresse suivante : <strong>20 Cours du Bia Bouquet \u2013 1348 Louvain-la-Neuve<\/strong><\/p>\n<p>Vous pouvez aussi nous contacter par email : <strong>pilote<\/strong><strong>@<\/strong><strong>huntinvest.be<\/strong><\/p>\n<p>Ou encore nous t\u00e9l\u00e9phoner au <strong>+32 2 319 55 15<\/strong><\/p>\n<p>Nous ne sommes pas responsables de la politique de respect de la vie priv\u00e9e des sites Internet qui sont reli\u00e9s au n\u00f4tre par un hyperlien.<\/p>\n<p>Si vous estimez que notre site ne respecte pas la pr\u00e9sente charte, vous pouvez contacter notre structure par email ou par courrier \u00e0 l&#8217;adresse mentionn\u00e9e sur le site.<\/p>\n<h3><strong><u>R\u00e9actualisation<\/u><\/strong>.<\/h3>\n<p>Notre structure se fait le devoir de r\u00e9actualiser r\u00e9guli\u00e8rement la pr\u00e9sente charte afin de prendre en consid\u00e9ration toute \u00e9volution l\u00e9gale, jurisprudentielle ou technique. Seule la derni\u00e8re version pr\u00e9vaudra.<\/p>\n<p style=\"text-align: center;\">*<\/p>\n<p style=\"text-align: center;\">*\u00a0\u00a0\u00a0\u00a0\u00a0\u00a0\u00a0\u00a0\u00a0 *<\/p>\n<p>&nbsp;<\/p>\n<h3><strong><u>Droits du titulaire sur ses donn\u00e9es personnelles (valable sur site et\/ou en affichage agence) &#8211; charte<\/u><\/strong><\/h3>\n<p>Le titulaire des donn\u00e9es personnelles reconna\u00eet avoir \u00e9t\u00e9 loyalement et parfaitement inform\u00e9 du traitement desdites donn\u00e9es par l\u2019structure.\u00a0 Outre ce droit \u00e0 l\u2019information, le titulaire dispose des droits suivants\u00a0:<\/p>\n<ul>\n<li><strong>Droit d\u2019acc\u00e8s<\/strong>\u00e0 ses donn\u00e9es par la personne concern\u00e9e.\u00a0 C\u2019est-\u00e0-dire le droit d\u2019obtenir du responsable de traitement des donn\u00e9es la confirmation que ces derni\u00e8res sont ou ne sont pas trait\u00e9es et l\u2019acc\u00e8s auxdites donn\u00e9es.<\/li>\n<li><strong>Droit de rectification<\/strong>des informations inexactes et que les donn\u00e9es incompl\u00e8tes soient compl\u00e9t\u00e9es<\/li>\n<li><strong>Droit d\u2019obtenir l\u2019effacement<\/strong>de ses donn\u00e9es lorsque ces donn\u00e9es ne sont plus n\u00e9cessaires au regard des finalit\u00e9s pour lesquelles elles ont \u00e9t\u00e9 collect\u00e9es, si la personne retire son consentement (et qu\u2019il n\u2019existe pas d\u2019autre fondement (obligation l\u00e9gale) au traitement), si la personne exerce son droit d\u2019opposition au traitement\u2026<\/li>\n<li><strong>Droit \u00e0 la limitation<\/strong>: lorsque le responsable du traitement n\u2019a plus besoin des donn\u00e9es mais qu\u2019elles sont encore n\u00e9cessaires.\u00a0 Lorsqu\u2019une telle limitation, par principe temporaire, est mise en place, les donn\u00e9es ne peuvent \u00eatre trait\u00e9es, sauf pour leur conservation, qu\u2019avec le consentement de la personne concern\u00e9e ou pour des motifs sp\u00e9cifiques.<\/li>\n<li><strong>Droit \u00e0 la portabilit\u00e9<\/strong>: la personne concern\u00e9e a le droit d\u2019obtenir les donn\u00e9es qu\u2019elle a fournie dans un format structur\u00e9, couramment utilis\u00e9 et lisible par machine, et a le droit de transmettre ces donn\u00e9es \u00e0 un autre responsable de traitement sans que le responsable initial ne puisse y faire obstacle.\u00a0 La personne concern\u00e9e peut demander que ses donn\u00e9es soit transmises directement d\u2019un responsable \u00e0 un autre.<\/li>\n<li><strong>Droit d\u2019opposition<\/strong>: la personne concern\u00e9e dispose d\u2019un droit d\u2019opposition au traitement qui lui permet de demander au responsable de ne plus traiter ses donn\u00e9es et, en tout \u00e9tat de cause, d\u2019un droit d\u2019opposition \u00e0 la prospection.<\/li>\n<\/ul>\n<p>Toute demande pour l\u2019exercice de ces droits peut \u00eatre adress\u00e9e \u00e0 notre structure via\u00a0:<\/p>\n<p>La r\u00e9ponse sera apport\u00e9e, via le m\u00eame canal de communication, dans les meilleurs d\u00e9lais et au plus tard dans le mois \u00e0 compter de la r\u00e9ception de la demande.<\/p>\n<p>Aucun paiement ne sera exig\u00e9 sauf si les demandes sont manifestement infond\u00e9es ou excessives (caract\u00e8re r\u00e9p\u00e9titif).<\/p>\n<h3><strong><u>Conditions g\u00e9n\u00e9rales d\u2019utilisation du site<\/u><\/strong><\/h3>\n<h4><strong><u>CONDITIONS GENERALES <\/u><\/strong><\/h4>\n<p><strong>Acceptation des conditions g\u00e9n\u00e9rales<\/strong><\/p>\n<p>Ce site, de langue fran\u00e7aise, est un site d&#8217;information qui s&#8217;adresse aussi bien aux clients de notre structure, qu&#8217;aux non clients, d\u00e9nomm\u00e9s ci-apr\u00e8s \u00ab internautes \u00bb. Ce site est soumis \u00e0 la loi belge. L&#8217;internaute reconna\u00eet avoir pris connaissance de la pr\u00e9sente charte et s&#8217;engage \u00e0 la respecter.<\/p>\n<p>Il est rappel\u00e9 que le secret des correspondances n&#8217;est pas garanti sur le r\u00e9seau Internet et qu&#8217;il appartient \u00e0 chaque internaute de prendre toutes les mesures appropri\u00e9es de fa\u00e7on \u00e0 prot\u00e9ger ses propres donn\u00e9es et\/ou logiciels.<\/p>\n<p><strong>Traitement de la demande et\/ou des informations<\/strong><\/p>\n<p>Nous nous r\u00e9servons le droit de subordonner le traitement des informations, de le suspendre ou de le refuser dans les cas suivants :<\/p>\n<p>&#8211; informations incompl\u00e8tes ou incorrectes ;<\/p>\n<p>&#8211; Communication de donn\u00e9es <strong>manifestement<\/strong> erron\u00e9es, voire fantaisistes ;<\/p>\n<p>La liste reprise ci-dessus <u>n\u2019a pas de caract\u00e8re exhaustif<\/u>.<\/p>\n<p><strong>Services<\/strong><\/p>\n<p>Le service et biens propos\u00e9s sur le site sont d\u00e9crits de bonne foi, le plus pr\u00e9cis\u00e9ment et fid\u00e8lement possible.<\/p>\n<p>Les images pr\u00e9sent\u00e9es sur le site n\u2019ont <u>aucune valeur contractuelle<\/u>.<\/p>\n<p><strong>Disponibilit\u00e9<\/strong><\/p>\n<p>En tout \u00e9tat de cause, nous ne pourrons \u00eatre tenus responsables des dommages r\u00e9sultant de l\u2019indisponibilit\u00e9 du service correspondant aux sollicitations de l\u2019utilisateur.<\/p>\n<p><strong>Disclaimer \u2013 limitation de responsabilit\u00e9<\/strong><\/p>\n<p>Notre structure ne saurait \u00eatre tenue pour responsable de l&#8217;inex\u00e9cution du contrat qui pourrait suivre en cas d\u2019inexactitude des informations communiqu\u00e9es ou de force majeure\u2026<\/p>\n<p><strong>Propri\u00e9t\u00e9 intellectuelle<\/strong><\/p>\n<p>Les informations figurant sur le site sont r\u00e9serv\u00e9es \u00e0 un usage exclusivement personnel et ne peuvent \u00eatre en tout ou partie ni reproduites, ni communiqu\u00e9es. L\u2019ensemble des donn\u00e9es (textes, sons ou images) figurant sur les pages de ce site sont la propri\u00e9t\u00e9 exclusive de notre structure ou de ses partenaires. Toute reproduction, repr\u00e9sentation ou diffusion, \u00e0 des fins autres que personnelles, en tout ou partie du contenu de ce site sur quelque support ou par tout proc\u00e9d\u00e9 que ce soit est interdite. Le non-respect de cette interdiction constitue une contrefa\u00e7on susceptible d&#8217;engager la responsabilit\u00e9 civile et p\u00e9nale du contrefacteur.[\/vc_column_text][\/vc_column_inner][\/vc_row_inner][\/vc_column][\/vc_row]<\/p>\n<\/div>","protected":false},"excerpt":{"rendered":"<p>[vc_row content_placement=&#8221;middle&#8221;][vc_column css=&#8221;.vc_custom_1633351981210{padding-top: 55px !important;padding-bottom: 55px !important;}&#8221;][vc_row_inner equal_height=&#8221;yes&#8221; content_placement=&#8221;middle&#8221;][vc_column_inner css=&#8221;.vc_custom_1633351958593{margin-right: 25px !important;margin-left: 25px !important;}&#8221;][vc_empty_space][vc_column_text]Cette rubrique d\u00e9crit la politique de notre structure lorsqu&#8217;elle traite des donn\u00e9es \u00e0 caract\u00e8re personnel. Cette politique s&#8217;applique aussi bien aux traitements de donn\u00e9es informatis\u00e9s que manuels. Traitement des donn\u00e9es \u00e0 caract\u00e8re personnel des visiteurs et des utilisateurs Notre structure est repr\u00e9sent\u00e9e&hellip;<\/p>\n","protected":false},"author":1,"featured_media":0,"parent":0,"menu_order":10,"comment_status":"closed","ping_status":"closed","template":"","meta":{"footnotes":""},"class_list":["post-6110","page","type-page","status-publish","hentry","description-off"],"yoast_head":"<!-- This site is optimized with the Yoast SEO plugin v26.8 - https:\/\/yoast.com\/product\/yoast-seo-wordpress\/ -->\n<title>Private life &amp; RGPD - Pilote Hunt &amp; Invest<\/title>\n<meta name=\"robots\" content=\"index, follow, max-snippet:-1, max-image-preview:large, max-video-preview:-1\" \/>\n<link rel=\"canonical\" href=\"https:\/\/www.huntinvest.be\/en\/private-life-rgpd\/\" \/>\n<meta property=\"og:locale\" content=\"en_US\" \/>\n<meta property=\"og:type\" content=\"article\" \/>\n<meta property=\"og:title\" content=\"Private life &amp; RGPD - Pilote Hunt &amp; Invest\" \/>\n<meta property=\"og:description\" content=\"[vc_row content_placement=&#8221;middle&#8221;][vc_column css=&#8221;.vc_custom_1633351981210{padding-top: 55px !important;padding-bottom: 55px !important;}&#8221;][vc_row_inner equal_height=&#8221;yes&#8221; content_placement=&#8221;middle&#8221;][vc_column_inner css=&#8221;.vc_custom_1633351958593{margin-right: 25px !important;margin-left: 25px !important;}&#8221;][vc_empty_space][vc_column_text]Cette rubrique d\u00e9crit la politique de notre structure lorsqu&#8217;elle traite des donn\u00e9es \u00e0 caract\u00e8re personnel. Cette politique s&#8217;applique aussi bien aux traitements de donn\u00e9es informatis\u00e9s que manuels. Traitement des donn\u00e9es \u00e0 caract\u00e8re personnel des visiteurs et des utilisateurs Notre structure est repr\u00e9sent\u00e9e&hellip;\" \/>\n<meta property=\"og:url\" content=\"https:\/\/www.huntinvest.be\/en\/private-life-rgpd\/\" \/>\n<meta property=\"og:site_name\" content=\"Pilote Hunt &amp; Invest\" \/>\n<meta property=\"article:modified_time\" content=\"2024-11-29T09:33:00+00:00\" \/>\n<meta name=\"twitter:card\" content=\"summary_large_image\" \/>\n<meta name=\"twitter:label1\" content=\"Est. reading time\" \/>\n\t<meta name=\"twitter:data1\" content=\"7 minutes\" \/>\n<script type=\"application\/ld+json\" class=\"yoast-schema-graph\">{\"@context\":\"https:\/\/schema.org\",\"@graph\":[{\"@type\":\"WebPage\",\"@id\":\"https:\/\/www.huntinvest.be\/en\/private-life-rgpd\/\",\"url\":\"https:\/\/www.huntinvest.be\/en\/private-life-rgpd\/\",\"name\":\"Private life & RGPD - Pilote Hunt &amp; Invest\",\"isPartOf\":{\"@id\":\"https:\/\/www.huntinvest.be\/en\/#website\"},\"datePublished\":\"2021-09-28T14:47:39+00:00\",\"dateModified\":\"2024-11-29T09:33:00+00:00\",\"breadcrumb\":{\"@id\":\"https:\/\/www.huntinvest.be\/en\/private-life-rgpd\/#breadcrumb\"},\"inLanguage\":\"en-US\",\"potentialAction\":[{\"@type\":\"ReadAction\",\"target\":[\"https:\/\/www.huntinvest.be\/en\/private-life-rgpd\/\"]}]},{\"@type\":\"BreadcrumbList\",\"@id\":\"https:\/\/www.huntinvest.be\/en\/private-life-rgpd\/#breadcrumb\",\"itemListElement\":[{\"@type\":\"ListItem\",\"position\":1,\"name\":\"Accueil\",\"item\":\"https:\/\/www.huntinvest.be\/en\/\"},{\"@type\":\"ListItem\",\"position\":2,\"name\":\"Private life &#038; RGPD\"}]},{\"@type\":\"WebSite\",\"@id\":\"https:\/\/www.huntinvest.be\/en\/#website\",\"url\":\"https:\/\/www.huntinvest.be\/en\/\",\"name\":\"Pilote Hunt &amp; Invest\",\"description\":\"Tailor-Made Service\",\"publisher\":{\"@id\":\"https:\/\/www.huntinvest.be\/en\/#organization\"},\"potentialAction\":[{\"@type\":\"SearchAction\",\"target\":{\"@type\":\"EntryPoint\",\"urlTemplate\":\"https:\/\/www.huntinvest.be\/en\/?s={search_term_string}\"},\"query-input\":{\"@type\":\"PropertyValueSpecification\",\"valueRequired\":true,\"valueName\":\"search_term_string\"}}],\"inLanguage\":\"en-US\"},{\"@type\":\"Organization\",\"@id\":\"https:\/\/www.huntinvest.be\/en\/#organization\",\"name\":\"Pilote Hunt & Invest\",\"url\":\"https:\/\/www.huntinvest.be\/en\/\",\"logo\":{\"@type\":\"ImageObject\",\"inLanguage\":\"en-US\",\"@id\":\"https:\/\/www.huntinvest.be\/en\/#\/schema\/logo\/image\/\",\"url\":\"https:\/\/www.huntinvest.be\/wp-content\/uploads\/2020\/07\/Pilote_logo_color-1.png\",\"contentUrl\":\"https:\/\/www.huntinvest.be\/wp-content\/uploads\/2020\/07\/Pilote_logo_color-1.png\",\"width\":190,\"height\":101,\"caption\":\"Pilote Hunt & Invest\"},\"image\":{\"@id\":\"https:\/\/www.huntinvest.be\/en\/#\/schema\/logo\/image\/\"}}]}<\/script>\n<!-- \/ Yoast SEO plugin. -->","yoast_head_json":{"title":"Private life & RGPD - Pilote Hunt &amp; Invest","robots":{"index":"index","follow":"follow","max-snippet":"max-snippet:-1","max-image-preview":"max-image-preview:large","max-video-preview":"max-video-preview:-1"},"canonical":"https:\/\/www.huntinvest.be\/en\/private-life-rgpd\/","og_locale":"en_US","og_type":"article","og_title":"Private life & RGPD - Pilote Hunt &amp; Invest","og_description":"[vc_row content_placement=&#8221;middle&#8221;][vc_column css=&#8221;.vc_custom_1633351981210{padding-top: 55px !important;padding-bottom: 55px !important;}&#8221;][vc_row_inner equal_height=&#8221;yes&#8221; content_placement=&#8221;middle&#8221;][vc_column_inner css=&#8221;.vc_custom_1633351958593{margin-right: 25px !important;margin-left: 25px !important;}&#8221;][vc_empty_space][vc_column_text]Cette rubrique d\u00e9crit la politique de notre structure lorsqu&#8217;elle traite des donn\u00e9es \u00e0 caract\u00e8re personnel. Cette politique s&#8217;applique aussi bien aux traitements de donn\u00e9es informatis\u00e9s que manuels. Traitement des donn\u00e9es \u00e0 caract\u00e8re personnel des visiteurs et des utilisateurs Notre structure est repr\u00e9sent\u00e9e&hellip;","og_url":"https:\/\/www.huntinvest.be\/en\/private-life-rgpd\/","og_site_name":"Pilote Hunt &amp; Invest","article_modified_time":"2024-11-29T09:33:00+00:00","twitter_card":"summary_large_image","twitter_misc":{"Est. reading time":"7 minutes"},"schema":{"@context":"https:\/\/schema.org","@graph":[{"@type":"WebPage","@id":"https:\/\/www.huntinvest.be\/en\/private-life-rgpd\/","url":"https:\/\/www.huntinvest.be\/en\/private-life-rgpd\/","name":"Private life & RGPD - Pilote Hunt &amp; Invest","isPartOf":{"@id":"https:\/\/www.huntinvest.be\/en\/#website"},"datePublished":"2021-09-28T14:47:39+00:00","dateModified":"2024-11-29T09:33:00+00:00","breadcrumb":{"@id":"https:\/\/www.huntinvest.be\/en\/private-life-rgpd\/#breadcrumb"},"inLanguage":"en-US","potentialAction":[{"@type":"ReadAction","target":["https:\/\/www.huntinvest.be\/en\/private-life-rgpd\/"]}]},{"@type":"BreadcrumbList","@id":"https:\/\/www.huntinvest.be\/en\/private-life-rgpd\/#breadcrumb","itemListElement":[{"@type":"ListItem","position":1,"name":"Accueil","item":"https:\/\/www.huntinvest.be\/en\/"},{"@type":"ListItem","position":2,"name":"Private life &#038; RGPD"}]},{"@type":"WebSite","@id":"https:\/\/www.huntinvest.be\/en\/#website","url":"https:\/\/www.huntinvest.be\/en\/","name":"Pilote Hunt &amp; Invest","description":"Tailor-Made Service","publisher":{"@id":"https:\/\/www.huntinvest.be\/en\/#organization"},"potentialAction":[{"@type":"SearchAction","target":{"@type":"EntryPoint","urlTemplate":"https:\/\/www.huntinvest.be\/en\/?s={search_term_string}"},"query-input":{"@type":"PropertyValueSpecification","valueRequired":true,"valueName":"search_term_string"}}],"inLanguage":"en-US"},{"@type":"Organization","@id":"https:\/\/www.huntinvest.be\/en\/#organization","name":"Pilote Hunt & Invest","url":"https:\/\/www.huntinvest.be\/en\/","logo":{"@type":"ImageObject","inLanguage":"en-US","@id":"https:\/\/www.huntinvest.be\/en\/#\/schema\/logo\/image\/","url":"https:\/\/www.huntinvest.be\/wp-content\/uploads\/2020\/07\/Pilote_logo_color-1.png","contentUrl":"https:\/\/www.huntinvest.be\/wp-content\/uploads\/2020\/07\/Pilote_logo_color-1.png","width":190,"height":101,"caption":"Pilote Hunt & Invest"},"image":{"@id":"https:\/\/www.huntinvest.be\/en\/#\/schema\/logo\/image\/"}}]}},"_links":{"self":[{"href":"https:\/\/www.huntinvest.be\/en\/wp-json\/wp\/v2\/pages\/6110","targetHints":{"allow":["GET"]}}],"collection":[{"href":"https:\/\/www.huntinvest.be\/en\/wp-json\/wp\/v2\/pages"}],"about":[{"href":"https:\/\/www.huntinvest.be\/en\/wp-json\/wp\/v2\/types\/page"}],"author":[{"embeddable":true,"href":"https:\/\/www.huntinvest.be\/en\/wp-json\/wp\/v2\/users\/1"}],"replies":[{"embeddable":true,"href":"https:\/\/www.huntinvest.be\/en\/wp-json\/wp\/v2\/comments?post=6110"}],"version-history":[{"count":8,"href":"https:\/\/www.huntinvest.be\/en\/wp-json\/wp\/v2\/pages\/6110\/revisions"}],"predecessor-version":[{"id":6533,"href":"https:\/\/www.huntinvest.be\/en\/wp-json\/wp\/v2\/pages\/6110\/revisions\/6533"}],"wp:attachment":[{"href":"https:\/\/www.huntinvest.be\/en\/wp-json\/wp\/v2\/media?parent=6110"}],"curies":[{"name":"wp","href":"https:\/\/api.w.org\/{rel}","templated":true}]}}